{"id":2,"date":"2018-08-03T07:28:31","date_gmt":"2018-08-03T05:28:31","guid":{"rendered":"http:\/\/musiquesperance-stdie.fr\/?page_id=2"},"modified":"2025-09-07T11:03:48","modified_gmt":"2025-09-07T09:03:48","slug":"page-d-exemple","status":"publish","type":"page","link":"https:\/\/musiquesperance-stdie.fr\/","title":{"rendered":"Accueil"},"content":{"rendered":"\n<p><\/p>\n\n\n\n<p><\/p>\n\n\n\n<p><\/p>\n\n\n\n<p><\/p>\n\n\n\n<div class=\"wp-block-group\"><div class=\"wp-block-group__inner-container is-layout-constrained wp-block-group-is-layout-constrained\">\n<h3 style=\"text-align: center;\">Bienvenue sur le site internet de<br \/>Musique Esp\u00e9rance &#8211; Saint-Di\u00e9-des-Vosges !<\/h3>\n<p style=\"text-align: center;\"><em><strong>Retrouvez sur notre site toutes les informations sur notre association, le d\u00e9tail sur notre saison culturelle ainsi que la plaquette de saison \u00e0 t\u00e9l\u00e9charger, les derni\u00e8res actualit\u00e9s ainsi que toutes les informations n\u00e9cessaires pour nous contacter, r\u00e9server ou rester informer. Bonne visite !<\/strong><\/em><\/p>\n<h3 style=\"text-align: center;\">\u00a0<\/h3>\n<h3 style=\"text-align: center;\"><span style=\"color: #333399;\">Saison 2025-2026<\/span><\/h3>\n<p style=\"text-align: center;\"><img loading=\"lazy\" decoding=\"async\" class=\"alignnone wp-image-766 size-full\" src=\"http:\/\/musiquesperance-stdie.fr\/wp-content\/uploads\/2025\/09\/MusEspCouv.png\" alt=\"\" width=\"1016\" height=\"1520\" srcset=\"https:\/\/musiquesperance-stdie.fr\/wp-content\/uploads\/2025\/09\/MusEspCouv.png 1016w, https:\/\/musiquesperance-stdie.fr\/wp-content\/uploads\/2025\/09\/MusEspCouv-201x300.png 201w, https:\/\/musiquesperance-stdie.fr\/wp-content\/uploads\/2025\/09\/MusEspCouv-684x1024.png 684w, https:\/\/musiquesperance-stdie.fr\/wp-content\/uploads\/2025\/09\/MusEspCouv-768x1149.png 768w\" sizes=\"(max-width: 1016px) 100vw, 1016px\" \/><\/p>\n<p><img loading=\"lazy\" decoding=\"async\" class=\"wp-image-24 size-medium aligncenter\" src=\"http:\/\/musiquesperance-stdie.fr\/wp-content\/uploads\/2018\/08\/logo_ME_carre_fondblanc-300x300.png\" alt=\"\" width=\"300\" height=\"300\" srcset=\"https:\/\/musiquesperance-stdie.fr\/wp-content\/uploads\/2018\/08\/logo_ME_carre_fondblanc-300x300.png 300w, https:\/\/musiquesperance-stdie.fr\/wp-content\/uploads\/2018\/08\/logo_ME_carre_fondblanc-150x150.png 150w, https:\/\/musiquesperance-stdie.fr\/wp-content\/uploads\/2018\/08\/logo_ME_carre_fondblanc-768x768.png 768w, https:\/\/musiquesperance-stdie.fr\/wp-content\/uploads\/2018\/08\/logo_ME_carre_fondblanc-1024x1024.png 1024w, https:\/\/musiquesperance-stdie.fr\/wp-content\/uploads\/2018\/08\/logo_ME_carre_fondblanc-650x650.png 650w\" sizes=\"(max-width: 300px) 100vw, 300px\" \/><\/p>\n<\/div><\/div>\n","protected":false},"excerpt":{"rendered":"<p>Bienvenue sur le site internet deMusique Esp\u00e9rance &#8211; Saint-Di\u00e9-des-Vosges ! Retrouvez sur notre site toutes les informations sur notre association, le d\u00e9tail sur notre saison culturelle ainsi que la plaquette de saison \u00e0 t\u00e9l\u00e9charger, les derni\u00e8res actualit\u00e9s ainsi que toutes [&hellip;]<\/p>\n","protected":false},"author":1,"featured_media":0,"parent":0,"menu_order":0,"comment_status":"closed","ping_status":"open","template":"","meta":{"footnotes":""},"_links":{"self":[{"href":"https:\/\/musiquesperance-stdie.fr\/index.php\/wp-json\/wp\/v2\/pages\/2"}],"collection":[{"href":"https:\/\/musiquesperance-stdie.fr\/index.php\/wp-json\/wp\/v2\/pages"}],"about":[{"href":"https:\/\/musiquesperance-stdie.fr\/index.php\/wp-json\/wp\/v2\/types\/page"}],"author":[{"embeddable":true,"href":"https:\/\/musiquesperance-stdie.fr\/index.php\/wp-json\/wp\/v2\/users\/1"}],"replies":[{"embeddable":true,"href":"https:\/\/musiquesperance-stdie.fr\/index.php\/wp-json\/wp\/v2\/comments?post=2"}],"version-history":[{"count":87,"href":"https:\/\/musiquesperance-stdie.fr\/index.php\/wp-json\/wp\/v2\/pages\/2\/revisions"}],"predecessor-version":[{"id":783,"href":"https:\/\/musiquesperance-stdie.fr\/index.php\/wp-json\/wp\/v2\/pages\/2\/revisions\/783"}],"wp:attachment":[{"href":"https:\/\/musiquesperance-stdie.fr\/index.php\/wp-json\/wp\/v2\/media?parent=2"}],"curies":[{"name":"wp","href":"https:\/\/api.w.org\/{rel}","templated":true}]}}